{"id":5030,"date":"2026-04-24T15:41:51","date_gmt":"2026-04-24T15:41:51","guid":{"rendered":"https:\/\/pmi-osijek.com\/?page_id=5030"},"modified":"2026-04-24T15:41:51","modified_gmt":"2026-04-24T15:41:51","slug":"pmidayz-2026-agenda","status":"publish","type":"page","link":"https:\/\/pmi-osijek.com\/","title":{"rendered":"PMIDayz 2026 &#8211; agenda"},"content":{"rendered":"<p style=\"text-align: justify;\">Tema ovogodi\u0161njih <strong>PMIDayza (22. do 24.5.2026.)<\/strong> je, trenutno vrlo aktualna, <strong>&#8220;Navigacija kroz kaos &#8211; projekti u svijetu stalnih promjena&#8221;<\/strong>. Lokacija je sada ve\u0107 poznata <a href=\"https:\/\/goo.gl\/maps\/FBmY98f4puDuZfFt9\" target=\"_blank\" rel=\"noopener\">Fakultet agrobiotehni\u010dkih znanosti<\/a><\/p>\n<h2><strong>Petak, 22.5.2026, <a href=\"https:\/\/goo.gl\/maps\/FBmY98f4puDuZfFt9\" target=\"_blank\" rel=\"noopener\">Fakultet agrobiotehni\u010dkih znanosti<\/a>, Vladimira Preloga 1, 31000, Osijek, 9:00-17:00, registracija od 8:30<\/strong><\/h2>\n<h3 style=\"text-align: justify;\"><strong><a class=\"popup\" href=\"https:\/\/pmi-osijek.com\/?page_id=4932#Prekonf\" target=\"_blank\" rel=\"noopener noreferrer\" data-scrollbars=\"1\" data-width=\"640\" data-height=\"640\">Pretkonferencijska radionica \u201c\u017deli\u0161 li upoznati skrivene kodove utjecajne komunikacije?\u201d<\/a><\/strong><\/h3>\n<p data-start=\"0\" data-end=\"238\">Je li ti se ikad \u010dinilo da u razgovoru \u201epeca\u0161 u vodi\u201c, dok je druga osoba negdje sasvim drugdje \u2013 u svojoj \u0161umi? Ili da pri\u010date istim jezikom, a opet se ne razumijete? Na ovoj radionici, koju vodi <em><strong>Darija Krsti\u0107, NLP trener i NLP coach,<\/strong><\/em> otkrit \u0107e\u0161 za\u0161to se to doga\u0111a i kako to promijeniti.<\/p>\n<p data-start=\"240\" data-end=\"523\" data-is-last-node=\"\" data-is-only-node=\"\">Kroz prakti\u010dne primjere i vje\u017ebe nau\u010dit \u0107e\u0161 prepoznati kako ljudi razmi\u0161ljaju i \u201ekodiraju\u201c informacije \u2013 kroz slike, zvukove i osje\u0107aje \u2013 te kako tome prilagoditi svoju komunikaciju. Rezultat su jasnije poruke, manje nesporazuma i ve\u0107i utjecaj u svakodnevnim i poslovnim razgovorima.<\/p>\n<p>Sudjelovanje na radionici donosi <strong>6 PDU<\/strong> bodova<\/p>\n<h2 id=\"Konferencija\"><strong>Subota, 23.5.2026, <a href=\"https:\/\/goo.gl\/maps\/FBmY98f4puDuZfFt9\" target=\"_blank\" rel=\"noopener\">Fakultet agrobiotehni\u010dkih znanosti<\/a>, Vladimira Preloga 1, 31000, Osijek, 9:00-19:00, registracija od 8:30<\/strong><\/h2>\n<table cellpadding=\"3\">\n<tbody>\n<tr bgcolor=\"#b3daff\">\n<td>&nbsp;8:30<\/td>\n<td colspan=\"2\"><strong>Registracija<\/strong><\/td>\n<\/tr>\n<tr>\n<td>&nbsp;9:00<\/td>\n<td><strong>Toni Grabar<\/strong><\/td>\n<td><a class=\"popup\" href=\"https:\/\/pmi-osijek.com\/?page_id=4932#Toni\" target=\"_blank\" rel=\"noopener noreferrer\" data-scrollbars=\"1\" data-width=\"640\" data-height=\"640\">Kad \u201ctoo big to fail\u201d postane \u201cepic fail\u201d<\/a><\/td>\n<\/tr>\n<tr bgcolor=\"#b3daff\">\n<td>&nbsp;9:45<\/td>\n<td colspan=\"2\"><strong>Pauza<\/strong><\/td>\n<\/tr>\n<tr>\n<td>&nbsp;10:00<\/td>\n<td><strong>Muamer Bezdrob, Jasna Pleho (Jamakovi\u0107), Damir Kapid\u017ei\u0107<\/strong><\/td>\n<td><a class=\"popup\" href=\"https:\/\/pmi-osijek.com\/?page_id=4932#Knjiga\" target=\"_blank\" rel=\"noopener noreferrer\" data-scrollbars=\"1\" data-width=\"640\" data-height=\"640\">Za\u0161to pisati knjigu u doba LLM-a?<\/a><\/td>\n<\/tr>\n<tr bgcolor=\"#b3daff\">\n<td>&nbsp;11:00<\/td>\n<td colspan=\"2\"><strong>Pauza<\/strong><\/td>\n<\/tr>\n<tr>\n<td>&nbsp;11:30<\/td>\n<td><strong>Ratko Mutavd\u017ei\u0107<\/strong><\/td>\n<td><a class=\"popup\" href=\"https:\/\/pmi-osijek.com\/?page_id=4932#Ratko\" target=\"_blank\" rel=\"noopener noreferrer\" data-scrollbars=\"1\" data-width=\"640\" data-height=\"640\">Kako \u0107e AI oblikovati budu\u0107nost upravljanja projektima i kako se voditelji projekata mogu pripremiti za novu eru rada<\/a><\/td>\n<\/tr>\n<tr bgcolor=\"#b3daff\">\n<td>&nbsp;12:30<\/td>\n<td colspan=\"2\"><strong>Ru\u010dak<\/strong><\/td>\n<\/tr>\n<tr>\n<td>&nbsp;13:30<\/td>\n<td><strong>Igor &#8220;Doc\u201c Berecki<\/strong><\/td>\n<td><a class=\"popup\" href=\"https:\/\/pmi-osijek.com\/?page_id=4932#Doc\" target=\"_blank\" rel=\"noopener noreferrer\" data-scrollbars=\"1\" data-width=\"640\" data-height=\"640\">Projektni menad\u017ement u banani: kako voditi vojsku digitalnih Miniona<\/a><\/td>\n<\/tr>\n<tr bgcolor=\"#b3daff\">\n<td>&nbsp;14:30<\/td>\n<td colspan=\"2\"><strong>Pauza<\/strong><\/td>\n<\/tr>\n<tr>\n<td>&nbsp;14:45<\/td>\n<td><strong>Vjeran Bu\u0161eli\u0107<\/strong><\/td>\n<td><a class=\"popup\" href=\"https:\/\/pmi-osijek.com\/?page_id=4932#Vjeran\" target=\"_blank\" rel=\"noopener noreferrer\" data-scrollbars=\"1\" data-width=\"640\" data-height=\"640\">Gen AI is Alive and Kicking \u2013 Kako se to reflektira na karijere Project Managera?\/a&gt;<\/a><\/td>\n<\/tr>\n<tr bgcolor=\"#b3daff\">\n<td>&nbsp;15:45<\/td>\n<td colspan=\"2\"><strong>Pauza<\/strong><\/td>\n<\/tr>\n<tr>\n<td>&nbsp;16:00<\/td>\n<td><strong>Tihomira Klobu\u010dar<\/strong><\/td>\n<td><a class=\"popup\" href=\"https:\/\/pmi-osijek.com\/?page_id=4932#Orqa\" target=\"_blank\" rel=\"noopener noreferrer\" data-scrollbars=\"1\" data-width=\"640\" data-height=\"640\">Ispod radara: Upravljanje inovacijama koje mijenjaju pravila igre<\/a><\/td>\n<\/tr>\n<tr bgcolor=\"#b3daff\">\n<td>&nbsp;16:45<\/td>\n<td colspan=\"2\"><strong>Pauza<\/strong><\/td>\n<\/tr>\n<tr>\n<td>&nbsp;18:00<\/td>\n<td><strong>Marko Pipuni\u0107<\/strong><\/td>\n<td><a class=\"popup\" href=\"https:\/\/pmi-osijek.com\/?page_id=4932#Zito\" target=\"_blank\" rel=\"noopener noreferrer\" data-scrollbars=\"1\" data-width=\"640\" data-height=\"640\">Terra Negra Country Club \u2013 korak naprijed za Slavoniju<\/a><br \/>\nPredavanje \u0107e se odr\u017eati u <a href=\"https:\/\/maps.app.goo.gl\/zY9yc3VMrAmPrCNh8\" target=\"_blank\" rel=\"noopener\">Terra Negra<\/a><\/td>\n<\/tr>\n<tr bgcolor=\"#b3daff\">\n<td>&nbsp;19:30<\/td>\n<td colspan=\"2\"><strong>Zatvaranje konferencije<\/strong><\/td>\n<\/tr>\n<\/tbody>\n<\/table>\n<p>Sudjelovanje na konferenciji donosi <strong>7 PDU<\/strong> bodova ukupno<\/p>\n<h2>Nedjelja, 24.5.2026, TBD, po\u010detak 10:00<\/h2>\n<p class=\"my-0\">Nakon projekata u svijetu stalnih promjena, vrijeme je za prakti\u010dne vje\u017ebe:<\/p>\n<ul class=\"marker:text-textOff list-disc\">\n<li>Timski zadaci, mali nogomet, sekiracija (sa sjekirama, ne s mailovima!), vinsko-podrumski quiz &#8211; izbacite uljeza \ud83d\ude42<\/li>\n<li>Networking uz kulen (za predjelo), vino i smijeh, a spominju se i tambura\u0161i i glavno jelo<\/li>\n<li>I osje\u0107aj da je svaki projekt lak\u0161i kad ga rje\u0161ava\u0161 s pravom ekipom!<\/li>\n<\/ul>\n<p>Sudjelovanje na nedjeljnom dijelu donosi <strong>2 PDU<\/strong> boda<\/p>\n<p style=\"text-align: justify;\">Prijavite se preko <a href=\"https:\/\/www.entrio.hr\/event\/pmidayz-2026-30979\" target=\"_blank\" rel=\"noopener\"><strong>Entria<\/strong><\/a>, ukoliko ima nekih pitanja po\u0161aljite nam mail na info AT pmi-osijek.com<\/p>\n","protected":false},"excerpt":{"rendered":"<p>Tema ovogodi\u0161njih PMIDayza (22. do 24.5.2026.) je, trenutno vrlo aktualna, &#8220;Navigacija kroz kaos &#8211; projekti u svijetu stalnih promjena&#8221;. Lokacija je sada ve\u0107 poznata Fakultet agrobiotehni\u010dkih znanosti Petak, 22.5.2026, Fakultet agrobiotehni\u010dkih znanosti, Vladimira Preloga 1, 31000, Osijek, 9:00-17:00, registracija od 8:30 Pretkonferencijska radionica \u201c\u017deli\u0161 li upoznati skrivene kodove utjecajne komunikacije?\u201d Je li ti se ikad [&hellip;]<\/p>\n","protected":false},"author":1,"featured_media":0,"parent":0,"menu_order":0,"comment_status":"closed","ping_status":"closed","template":"","meta":{"ngg_post_thumbnail":0,"footnotes":""},"class_list":["post-5030","page","type-page","status-publish","hentry"],"_links":{"self":[{"href":"https:\/\/pmi-osijek.com\/index.php?rest_route=\/wp\/v2\/pages\/5030","targetHints":{"allow":["GET"]}}],"collection":[{"href":"https:\/\/pmi-osijek.com\/index.php?rest_route=\/wp\/v2\/pages"}],"about":[{"href":"https:\/\/pmi-osijek.com\/index.php?rest_route=\/wp\/v2\/types\/page"}],"author":[{"embeddable":true,"href":"https:\/\/pmi-osijek.com\/index.php?rest_route=\/wp\/v2\/users\/1"}],"replies":[{"embeddable":true,"href":"https:\/\/pmi-osijek.com\/index.php?rest_route=%2Fwp%2Fv2%2Fcomments&post=5030"}],"version-history":[{"count":2,"href":"https:\/\/pmi-osijek.com\/index.php?rest_route=\/wp\/v2\/pages\/5030\/revisions"}],"predecessor-version":[{"id":5032,"href":"https:\/\/pmi-osijek.com\/index.php?rest_route=\/wp\/v2\/pages\/5030\/revisions\/5032"}],"wp:attachment":[{"href":"https:\/\/pmi-osijek.com\/index.php?rest_route=%2Fwp%2Fv2%2Fmedia&parent=5030"}],"curies":[{"name":"wp","href":"https:\/\/api.w.org\/{rel}","templated":true}]}}