{"id":1150,"date":"2016-10-28T04:49:00","date_gmt":"2016-10-28T04:49:00","guid":{"rendered":"http:\/\/pmi-osijek.com\/?page_id=1150"},"modified":"2020-11-22T10:40:45","modified_gmt":"2020-11-22T10:40:45","slug":"ukratko-o-pmi-i-pmidayzima","status":"publish","type":"page","link":"https:\/\/pmi-osijek.com\/?page_id=1150","title":{"rendered":"Ukratko o PMI i PMIDayzima &#8230;"},"content":{"rendered":"<p style=\"text-align: justify;\">Osnovni cilj <strong>PMI<\/strong> (<strong>Project Management Institute<\/strong>) je metodolo\u0161ki pristup upravljanju projekata, kako bi se ugovoreni projekti uspje\u0161no dovr\u0161ili u planiranim okvirima u \u0161to ve\u0107em postotku. Statistike svake godine pokazuju kako se ogromna sredstva gube kroz projekte koji zbog lo\u0161e izvedbe nikada ne ostvare ciljeve zbog kojih su pokrenuti, te kako metodolo\u0161ki pristup za nekoliko redova veli\u010dina pove\u0107ava vjerojatnost uspje\u0161nog dovr\u0161etka projekata. PMI tako\u0111er promi\u010de struku voditelja projekata, i poku\u0161ava osvijestiti ideju kako je u svakom ve\u0107em projektu potreban profesionalni voditelj projekta, koji \u0107e osigurati efikasno izvo\u0111enje pojedinih aktivnosti u okvirima planiranog bud\u017eeta, rokova, kvalitete i opsega.<\/p>\n<p style=\"text-align: justify;\">Ne\u0161to malo vi\u0161e o ovoj temi mo\u017eete na\u0107i u kratkom promo filmu kojeg su snimili \u010dlanovi Izvr\u0161nog odbora PMI Hrvatska kojeg mo\u017eete pogledati na <a href=\"https:\/\/www.youtube.com\/watch?v=OEDBzsXP3Lc\" target=\"_blank\" rel=\"noopener noreferrer\">linku<\/a>.<\/p>\n<p style=\"text-align: justify;\"><strong>PMIDayz <\/strong>je konferencija u Osijeku, koja ima za cilj popularizirati teme iz Project Managementa, kako bi \u0161ira publika shvatila va\u017enost upravljanja projektima. Kako u \u017eivotu i profesionalnoj karijeri svakog posjetitelja postoji \u010ditav niz projekata s kojim se susre\u0107e, bilo u privatnom \u017eivotu ili profesionalnoj karijeri (promjena posla, kupovina ili prodaja ku\u0107e, godi\u0161nji odmor, vjen\u010danje, &#8230;.), svaki sudionik konferencije prona\u0111e ne\u0161to \u0161to \u0107e mu konkretno pomo\u0107i, ili barem shvati gdje je pogrije\u0161io u nekom od prethodnih \u017eivotnih projekata.<\/p>\n<p style=\"text-align: justify;\"><a href=\"http:\/\/pmi-osijek.com\/wp-content\/gallery\/pmidayz-2015\/IMG_8842.JPG\"><img decoding=\"async\" class=\"alignnone size-full wp-image-273\" src=\"http:\/\/pmi-osijek.com\/wp-content\/gallery\/pmidayz-2015\/IMG_8842.JPG\" alt=\"\"><\/a><\/p>\n<p style=\"text-align: justify;\">Konferencija po\u010dinje predkonferencijskim danom, kojim se kroz cjelodnevnu radionicu \/ trening detaljno obra\u0111uje odre\u0111ena tema. Konferencijski dan obra\u0111uje zadanu temu kroz niz od 6 &#8211; 8 predavanja koje prezentiraju vrhunski predava\u010di. Tre\u0107i konferencijski dan &#8211; Team Building, tradicionano se odr\u017eava na pustari Mirkovac u Baranji, gdje omogu\u0107uje polaznicima prakti\u010dnu primjenu ste\u010denih znanja, kroz sudjelovanje u projektnim timovima koji prakti\u010dno rje\u0161avaju razne projektne zadatke. Team building je iznimno va\u017ean zbog stvaranja trajnih poslovnih i privatnih veza me\u0111u sudionicima, koje im ostaju za cijeli \u017eivot.<\/p>\n<p style=\"text-align: justify;\"><a href=\"http:\/\/pmi-osijek.com\/wp-content\/gallery\/pmidayz-2015\/IMG_9077.JPG\"><img decoding=\"async\" class=\"alignnone wp-image-273 size-full\" src=\"http:\/\/pmi-osijek.com\/wp-content\/gallery\/pmidayz-2015\/IMG_9077.JPG\" alt=\"\"><\/a><\/p>\n<p style=\"text-align: justify;\">Konferencija okuplja voditelje projekata iz susjednih zemalja (Srbija, Bosna i Hercegovina, Slovenija, Hrvatska), koji kroz niz tematskih predavanja renomiranih predava\u010da iz regije mogu saznati vi\u0161e o pojedinim temama vezanih uz project management. Svaka konferencija je tematski vezana za odre\u0111enu metodolo\u0161ku disciplinu ili obra\u0111uje posebnosti vo\u0111enja projekata u nekim strukama.<\/p>\n<p style=\"text-align: justify;\"><a href=\"http:\/\/pmi-osijek.com\/wp-content\/gallery\/pmidayz-2014\/IMG_8218.JPG\"><img decoding=\"async\" class=\"alignnone size-full wp-image-273\" src=\"http:\/\/pmi-osijek.com\/wp-content\/gallery\/pmidayz-2014\/IMG_8218.JPG\" alt=\"\"><\/a><\/p>\n<p style=\"text-align: justify;\"><strong>Prvi PMIDayz-i<\/strong> odr\u017eani su 2014. godine sa naslovnom temom &#8211; &#8220;Uspje\u0161ni projekti &#8211; mit ili stvarnost&#8221;, a imali su za cilj pokrenuti optimizam u publici kroz prikaz malih uspje\u0161nih projekata koje su prakti\u010dki iz inata pokrenuli pojedinci s vrlo malo ulo\u017eenih sredstava, ali sa puno entuzijazma i strasti.<\/p>\n<p style=\"text-align: justify;\"><strong>Drugi<\/strong> PMIDayzi, 2015. godine, su za temu obradili problem upravljanja, vo\u0111enja i motivacije projektnih timova. Posebno zanimljivo predavanje o na\u010dinima motivacije sportskih timova odr\u017eao je i nekada\u0161nji izbornik hrvatske nogometne reprezentacije &#8211; <strong>\u0106iro Bla\u017eevi\u0107<\/strong>.<\/p>\n<p><a href=\"http:\/\/pmi-osijek.com\/wp-content\/gallery\/pmidayz-2015\/IMG_8956.JPG\"><img decoding=\"async\" class=\"alignnone wp-image-273 size-full\" src=\"http:\/\/pmi-osijek.com\/wp-content\/gallery\/pmidayz-2015\/IMG_8956.JPG\" alt=\"\"><\/a><\/p>\n<p style=\"text-align: justify;\">Na <strong>tre\u0107ima<\/strong> po redu PMIDayzima, tema je bila veliki projekti, a o tome nam je govorio i \u010dovjek koji je vodio IT podr\u0161ku na 14 olimpijskih igara, <strong>Boris Saka\u010d<\/strong>.<\/p>\n<p style=\"text-align: justify;\"><img decoding=\"async\" class=\"ngg-singlepic ngg-none\" src=\"http:\/\/pmi-osijek.com\/wp-content\/gallery\/pmidayz-2016\/IMG_0066.JPG\" alt=\"IMG_0066\"><\/p>\n<p style=\"text-align: justify;\">Na <strong>\u010detvrtim<\/strong> PMIDayzima gost je bio jedan od najboljih re\u017eisera i scenarista u regiji \u2013 <strong>Rajko Grli\u0107<\/strong>, koji je kroz sat i pol razgovora s publikom pokazao kako nastaje film \u2013 od prve maglovite ideje, do prve projekcije u kino dvorani.<\/p>\n<p><img decoding=\"async\" class=\"ngg-singlepic ngg-none\" src=\"http:\/\/pmi-osijek.com\/wp-content\/gallery\/pmidayz-2017\/predavanje_rajko.JPG\" alt=\"predavanje_rajko\"><\/p>\n<p style=\"text-align: justify;\"><strong>Peti<\/strong> PMI Dayzi, su imali za temu&nbsp;<strong>&#8220;Svijet se mijenja kroz projekte, svijet mijenja projekte \u2013 samo mijena stalna jest!&#8221;<\/strong>.<br>Redovni dio konferencije, ostao je na\u017ealost bez najavljenog key note predava\u010da&nbsp;<strong>Mirka Novosela<\/strong>, koji nam je \u017eelio re\u0107i \u0161to je sve stajalo na putu organizacije najve\u0107eg sportskog doga\u0111aja ikada odr\u017eanog u Hrvatskoj \u2013&nbsp;<strong>Univerzijade<\/strong>. Na\u017ealost, zbog bolesti, morao je svoj nastup otkazati za neki drugi put.<\/p>\n<p style=\"text-align: justify;\"><strong>Ratko Mutavd\u017ei\u0107<\/strong>, jedan od osniva\u010da hrvatskog PMI chaptera, ukazao je na sve br\u017ee promjene u svijetu, koje nam donosi primjena novih tehnologija, i na nekoliko primjera pokazao koliko smo mi kao civilizacija spremni prihva\u0107ati nadolaze\u0107e promjene.<br>Svaki od predava\u010da dao je poseban pogled na promjene u projektima, i na\u010dine kako ih staviti pod kontrolu \u2013 od&nbsp;<strong>Antonia Pri\u0161\u0107ana i Igora Gregureca<\/strong>,&nbsp;<strong>Nenada Marjanovi\u0107a<\/strong>, preko&nbsp;<strong>Nenada Trajkovskog<\/strong>,&nbsp;<strong>Frana Mikuli\u010di\u0107 i Mirjane \u0160trbac<\/strong>&nbsp;koji su (uz pomo\u0107 dijela publike) u sudskom sporu slu\u017ebeno oslobodili promjenu svake krivnje za nanesenu bol, do \u200b<strong>Gordana Kr\u010deli\u0107a<\/strong>&nbsp;i&nbsp;<strong>Josipa \u0160abana<\/strong>.<\/p>\n<p>Na <strong>\u0161estim<\/strong> PMIDayzima, imali smo posebnog gosta, <strong>Zijah A. Sokolovi\u0107<\/strong> odu\u0161evio nas je svojom predstavom Lijevo Desno Glumac.<br><img decoding=\"async\" class=\"ngg-singlepic ngg-none\" src=\"http:\/\/pmi-osijek.com\/wp-content\/gallery\/pmidayz-2019\/IMG_2030.JPG\" alt=\"IMG_2030\">Naravno da smo se bavili smo i temama iz project managementa &#8211; kroz dva pretkonferecijska treninga u petak,The Big Domino of Project Stakeholder Management, koje je odr\u017eao <strong>Fran MIkuli\u010di\u0107<\/strong> i Na putu od ideje do izrade projektnog business case-a <strong>Marine Pupi\u0107-Bakra\u010d<\/strong>, kao i konferencijski dan, gdje su, uz zajedni\u010dkju temu \u0161estih PMIDayza &#8220;Znate li \u017eonglirati?&#8221;, predavanja odr\u017eali <strong>Mara Majstorovi\u0107<\/strong>, <strong>Damir Ple\u0161ko<\/strong>, <strong>Nenad Marjanovi\u0107<\/strong>, <strong>Marina Pupi\u0107-Bakra\u010d<\/strong>, <strong>Fran MIkuli\u010di\u0107<\/strong> i <strong>Mario Brdari\u0107<\/strong><\/p>\n<p>Iako smo 2020. godine godine namjeravali organizirati PMIDayz &#8211; Balkan summit &#8211; regionalnu konferenciju voditelja projekata za jugoisto\u010dnu Europu, zbog poznatih razloga, <strong>sedmi<\/strong> PMIDayzi su odr\u017eani online formatu.<\/p>\n<p>U dvodnevnom dru\u017eenju, u poslijepodnevnim satima, ponudili smo publici 6 zanimljivih predavanja, potpuno besplatno, i omogu\u0107ili svima po 6 PDU bodova.&nbsp;Teme koje smo odabrali za ove, sedme po redu PMIDayze, poku\u0161ale su opisati svakodnevne probleme i izazove s kojima se svi susre\u0107emo u redovnom poslu kao voditelji projekata.<\/p>\n<p>Svaki od predava\u010da &#8211; <strong>Miroslav Ani\u010din<\/strong>, <strong>Nenad Trajkovski<\/strong>, <strong>Jasna Pleho<\/strong>, <strong>Josip \u0160aban<\/strong>, <strong>Fran Mikuli\u010di\u0107<\/strong>, te <strong>Mario Brdari\u0107<\/strong> i <strong>Branko Rogi\u0107<\/strong>, odr\u017eao je zanimljivo predavanje. Mo\u017eete ih pogledati i na na\u0161em <a href=\"https:\/\/www.youtube.com\/channel\/UCRuc2qRNNhkQjZHBMzDMr3g?sub_confirmation=1_uGJsuV\" target=\"_blank\" rel=\"noopener noreferrer\">youtube kanalu<\/a>!&nbsp;<\/p>\n<p style=\"text-align: justify;\">U 2020. godini na \u017ealost, morali smo &#8220;presko\u010diti&#8221; zanimljive &#8220;konferencijske sadr\u017eaje&#8221;.<\/p>\n<p style=\"text-align: justify;\"><img decoding=\"async\" class=\"ngg-singlepic ngg-none\" src=\"http:\/\/pmi-osijek.com\/wp-content\/gallery\/pmidayz-2016\/IMG_9964.JPG\" alt=\"IMG_9964\"><\/p>\n<p style=\"text-align: justify;\"><img decoding=\"async\" class=\"ngg-singlepic ngg-none\" src=\"http:\/\/pmi-osijek.com\/wp-content\/gallery\/pmidayz-2016\/IMG_0135.JPG\" alt=\"IMG_0135\"><\/p>\n<p style=\"text-align: justify;\"><img decoding=\"async\" class=\"ngg-singlepic ngg-none\" src=\"http:\/\/pmi-osijek.com\/wp-content\/gallery\/pmidayz-2016\/IMG_0228.JPG\" alt=\"IMG_0228\"><\/p>\n<p style=\"text-align: justify;\"><img decoding=\"async\" class=\"ngg-singlepic ngg-none\" src=\"http:\/\/pmi-osijek.com\/wp-content\/gallery\/pmidayz-2017\/uze3.jpg\" alt=\"uze3\"><\/p>\n<p style=\"text-align: justify;\"><img decoding=\"async\" class=\"ngg-singlepic ngg-none\" src=\"http:\/\/pmi-osijek.com\/wp-content\/gallery\/pmidayz-2016\/IMG_0187.JPG\" alt=\"IMG_0187\"><\/p>\n<p style=\"text-align: justify;\">&nbsp;Ovo je ekipa iza PMIDayza<\/p>\n<p><img decoding=\"async\" class=\"ngg-singlepic ngg-none\" src=\"http:\/\/pmi-osijek.com\/wp-content\/gallery\/pmidayz-2017\/organizacija.JPG\" alt=\"organizacija\"><\/p>\n\n\n<p><\/p>\n","protected":false},"excerpt":{"rendered":"<p>Osnovni cilj PMI (Project Management Institute) je metodolo\u0161ki pristup upravljanju projekata, kako bi se ugovoreni projekti uspje\u0161no dovr\u0161ili u planiranim okvirima u \u0161to ve\u0107em postotku. Statistike svake godine pokazuju kako se ogromna sredstva gube kroz projekte koji zbog lo\u0161e izvedbe nikada ne ostvare ciljeve zbog kojih su pokrenuti, te kako metodolo\u0161ki pristup za nekoliko redova [&hellip;]<\/p>\n","protected":false},"author":1,"featured_media":0,"parent":0,"menu_order":0,"comment_status":"closed","ping_status":"closed","template":"","meta":{"ngg_post_thumbnail":0,"footnotes":""},"class_list":["post-1150","page","type-page","status-publish","hentry"],"_links":{"self":[{"href":"https:\/\/pmi-osijek.com\/index.php?rest_route=\/wp\/v2\/pages\/1150","targetHints":{"allow":["GET"]}}],"collection":[{"href":"https:\/\/pmi-osijek.com\/index.php?rest_route=\/wp\/v2\/pages"}],"about":[{"href":"https:\/\/pmi-osijek.com\/index.php?rest_route=\/wp\/v2\/types\/page"}],"author":[{"embeddable":true,"href":"https:\/\/pmi-osijek.com\/index.php?rest_route=\/wp\/v2\/users\/1"}],"replies":[{"embeddable":true,"href":"https:\/\/pmi-osijek.com\/index.php?rest_route=%2Fwp%2Fv2%2Fcomments&post=1150"}],"version-history":[{"count":2,"href":"https:\/\/pmi-osijek.com\/index.php?rest_route=\/wp\/v2\/pages\/1150\/revisions"}],"predecessor-version":[{"id":3695,"href":"https:\/\/pmi-osijek.com\/index.php?rest_route=\/wp\/v2\/pages\/1150\/revisions\/3695"}],"wp:attachment":[{"href":"https:\/\/pmi-osijek.com\/index.php?rest_route=%2Fwp%2Fv2%2Fmedia&parent=1150"}],"curies":[{"name":"wp","href":"https:\/\/api.w.org\/{rel}","templated":true}]}}